{"id":6166,"date":"2025-05-22T15:51:51","date_gmt":"2025-05-22T15:51:51","guid":{"rendered":"https:\/\/optikdesignstratgies.live-website.com\/blog-2\/"},"modified":"2025-06-11T13:18:24","modified_gmt":"2025-06-11T13:18:24","slug":"articles","status":"publish","type":"page","link":"https:\/\/optikdesign.ca\/en\/articles\/","title":{"rendered":"Blog"},"content":{"rendered":"<div class=\"wpb-content-wrapper\"><p>[vc_row][vc_column][vc_empty_space height=&#8221;75px&#8221;]<div class=\"edgtf-blog-list-holder edgtf-image-in-box \">\n\t<ul class=\"edgtf-blog-list\">\n\t<li class=\"edgtf-blog-list-item clearfix\">\n\t<div class=\"edgtf-blog-list-item-inner\">\n\t\t\t\t\t<div class=\"edgtf-item-image clearfix\">\n\t\t\t\t<a href=\"https:\/\/optikdesign.ca\/en\/print\/5-signs-your-visual-identity-is-hurting-your-sales\/\">\n\t\t\t\t\t<img loading=\"lazy\" decoding=\"async\" width=\"1024\" height=\"768\" src=\"https:\/\/optikdesign.ca\/wp-content\/uploads\/2025\/09\/image-1.png.webp\" class=\"attachment-full size-full wp-post-image\" alt=\"\" srcset=\"https:\/\/optikdesign.ca\/wp-content\/uploads\/2025\/09\/image-1.png.webp 1024w, https:\/\/optikdesign.ca\/wp-content\/uploads\/2025\/09\/image-1.png-300x225.webp 300w, https:\/\/optikdesign.ca\/wp-content\/uploads\/2025\/09\/image-1.png-768x576.webp 768w, https:\/\/optikdesign.ca\/wp-content\/uploads\/2025\/09\/image-1.png-800x600.webp 800w, https:\/\/optikdesign.ca\/wp-content\/uploads\/2025\/09\/image-1.png-600x450.webp 600w\" sizes=\"auto, (max-width: 1024px) 100vw, 1024px\" \/>\t\t\t\t<\/a>\n\t\t\t<\/div>\n\t\t\t\t<div class=\"edgtf-item-text-holder\">\n\t\t\t<div class=\"edgtf-item-info-section\">\n\t\t\t\t<div class=\"edgtf-post-info-category\">\n\t<a href=\"https:\/\/optikdesign.ca\/en\/category\/graphic-design\/\" rel=\"category tag\">Graphic Design<\/a>, <a href=\"https:\/\/optikdesign.ca\/en\/category\/print\/\" rel=\"category tag\">Print<\/a><\/div>\t\t\t\t<div class=\"edgtf-post-info-date\">\n\t\t\t15 September 2025\t<\/div>\t\t\t<\/div>\n\t\t\t\t\t\n\t\t\t<h4 class=\"edgtf-item-title \">\n\t\t\t\t<a href=\"https:\/\/optikdesign.ca\/en\/print\/5-signs-your-visual-identity-is-hurting-your-sales\/\" >\n\t\t\t\t\t5 Signs Your Visual Identity Is Hurting Your Sales\t\t\t\t<\/a>\n\t\t\t<\/h4>\n\n\t\t\t\t\t\t\n\t\t\t<div class=\"edgtf-item-read-more\">\n\t\t\t\t<a href=\"https:\/\/optikdesign.ca\/en\/print\/5-signs-your-visual-identity-is-hurting-your-sales\/\" target=\"_self\"  class=\"edgtf-btn edgtf-btn-large edgtf-btn-transparent edgtf-btn-icon\"  >\t\t\t<span class=\"edgtf-btn-text\">Read More<\/span>\t    \t\t<span class=\"edgtf-btn-icon-holder\" >\t\t\t<span aria-hidden=\"true\" class=\"edgtf-icon-font-elegant arrow_right \" ><\/span>\t\t<\/span>\t<\/a>\t\t\t<\/div>\n\t\t<\/div>\n\t<\/div>\t\n<\/li>\n<li class=\"edgtf-blog-list-item clearfix\">\n\t<div class=\"edgtf-blog-list-item-inner\">\n\t\t\t\t\t<div class=\"edgtf-item-image clearfix\">\n\t\t\t\t<a href=\"https:\/\/optikdesign.ca\/en\/print\/a-complete-range-of-printed-products-from-design-to-installation\/\">\n\t\t\t\t\t<img loading=\"lazy\" decoding=\"async\" width=\"1536\" height=\"1536\" src=\"https:\/\/optikdesign.ca\/wp-content\/uploads\/2025\/05\/image-6.webp\" class=\"attachment-full size-full wp-post-image\" alt=\"\" srcset=\"https:\/\/optikdesign.ca\/wp-content\/uploads\/2025\/05\/image-6.webp 1536w, https:\/\/optikdesign.ca\/wp-content\/uploads\/2025\/05\/image-6-300x300.webp 300w, https:\/\/optikdesign.ca\/wp-content\/uploads\/2025\/05\/image-6-100x100.webp 100w, https:\/\/optikdesign.ca\/wp-content\/uploads\/2025\/05\/image-6-600x600.webp 600w, https:\/\/optikdesign.ca\/wp-content\/uploads\/2025\/05\/image-6-1024x1024.webp 1024w, https:\/\/optikdesign.ca\/wp-content\/uploads\/2025\/05\/image-6-150x150.webp 150w, https:\/\/optikdesign.ca\/wp-content\/uploads\/2025\/05\/image-6-768x768.webp 768w, https:\/\/optikdesign.ca\/wp-content\/uploads\/2025\/05\/image-6-550x550.webp 550w, https:\/\/optikdesign.ca\/wp-content\/uploads\/2025\/05\/image-6-1100x1100.webp 1100w\" sizes=\"auto, (max-width: 1536px) 100vw, 1536px\" \/>\t\t\t\t<\/a>\n\t\t\t<\/div>\n\t\t\t\t<div class=\"edgtf-item-text-holder\">\n\t\t\t<div class=\"edgtf-item-info-section\">\n\t\t\t\t<div class=\"edgtf-post-info-category\">\n\t<a href=\"https:\/\/optikdesign.ca\/en\/category\/print\/\" rel=\"category tag\">Print<\/a><\/div>\t\t\t\t<div class=\"edgtf-post-info-date\">\n\t\t\t21 May 2025\t<\/div>\t\t\t<\/div>\n\t\t\t\t\t\n\t\t\t<h4 class=\"edgtf-item-title \">\n\t\t\t\t<a href=\"https:\/\/optikdesign.ca\/en\/print\/a-complete-range-of-printed-products-from-design-to-installation\/\" >\n\t\t\t\t\tA Complete Range of Printed Products: From Design to Installation\t\t\t\t<\/a>\n\t\t\t<\/h4>\n\n\t\t\t\t\t\t\n\t\t\t<div class=\"edgtf-item-read-more\">\n\t\t\t\t<a href=\"https:\/\/optikdesign.ca\/en\/print\/a-complete-range-of-printed-products-from-design-to-installation\/\" target=\"_self\"  class=\"edgtf-btn edgtf-btn-large edgtf-btn-transparent edgtf-btn-icon\"  >\t\t\t<span class=\"edgtf-btn-text\">Read More<\/span>\t    \t\t<span class=\"edgtf-btn-icon-holder\" >\t\t\t<span aria-hidden=\"true\" class=\"edgtf-icon-font-elegant arrow_right \" ><\/span>\t\t<\/span>\t<\/a>\t\t\t<\/div>\n\t\t<\/div>\n\t<\/div>\t\n<\/li>\n<li class=\"edgtf-blog-list-item clearfix\">\n\t<div class=\"edgtf-blog-list-item-inner\">\n\t\t\t\t\t<div class=\"edgtf-item-image clearfix\">\n\t\t\t\t<a href=\"https:\/\/optikdesign.ca\/en\/strategie-et-analyse-en\/blog-writing-your-secret-weapon-to-dominate-search-engines\/\">\n\t\t\t\t\t<img loading=\"lazy\" decoding=\"async\" width=\"2368\" height=\"1792\" src=\"https:\/\/optikdesign.ca\/wp-content\/uploads\/2025\/06\/image-4.webp\" class=\"attachment-full size-full wp-post-image\" alt=\"\" srcset=\"https:\/\/optikdesign.ca\/wp-content\/uploads\/2025\/06\/image-4.webp 2368w, https:\/\/optikdesign.ca\/wp-content\/uploads\/2025\/06\/image-4-600x454.webp 600w, https:\/\/optikdesign.ca\/wp-content\/uploads\/2025\/06\/image-4-300x227.webp 300w, https:\/\/optikdesign.ca\/wp-content\/uploads\/2025\/06\/image-4-1024x775.webp 1024w, https:\/\/optikdesign.ca\/wp-content\/uploads\/2025\/06\/image-4-768x581.webp 768w, https:\/\/optikdesign.ca\/wp-content\/uploads\/2025\/06\/image-4-1536x1162.webp 1536w\" sizes=\"auto, (max-width: 2368px) 100vw, 2368px\" \/>\t\t\t\t<\/a>\n\t\t\t<\/div>\n\t\t\t\t<div class=\"edgtf-item-text-holder\">\n\t\t\t<div class=\"edgtf-item-info-section\">\n\t\t\t\t<div class=\"edgtf-post-info-category\">\n\t<a href=\"https:\/\/optikdesign.ca\/en\/category\/strategie-et-analyse-en\/\" rel=\"category tag\">Analysis and Strategy<\/a><\/div>\t\t\t\t<div class=\"edgtf-post-info-date\">\n\t\t\t11 June 2025\t<\/div>\t\t\t<\/div>\n\t\t\t\t\t\n\t\t\t<h4 class=\"edgtf-item-title \">\n\t\t\t\t<a href=\"https:\/\/optikdesign.ca\/en\/strategie-et-analyse-en\/blog-writing-your-secret-weapon-to-dominate-search-engines\/\" >\n\t\t\t\t\tBlog Writing: Your Secret Weapon to Dominate Search Engines\t\t\t\t<\/a>\n\t\t\t<\/h4>\n\n\t\t\t\t\t\t\n\t\t\t<div class=\"edgtf-item-read-more\">\n\t\t\t\t<a href=\"https:\/\/optikdesign.ca\/en\/strategie-et-analyse-en\/blog-writing-your-secret-weapon-to-dominate-search-engines\/\" target=\"_self\"  class=\"edgtf-btn edgtf-btn-large edgtf-btn-transparent edgtf-btn-icon\"  >\t\t\t<span class=\"edgtf-btn-text\">Read More<\/span>\t    \t\t<span class=\"edgtf-btn-icon-holder\" >\t\t\t<span aria-hidden=\"true\" class=\"edgtf-icon-font-elegant arrow_right \" ><\/span>\t\t<\/span>\t<\/a>\t\t\t<\/div>\n\t\t<\/div>\n\t<\/div>\t\n<\/li>\n<li class=\"edgtf-blog-list-item clearfix\">\n\t<div class=\"edgtf-blog-list-item-inner\">\n\t\t\t\t\t<div class=\"edgtf-item-image clearfix\">\n\t\t\t\t<a href=\"https:\/\/optikdesign.ca\/en\/strategie-et-analyse-en\/conte-de-noel\/\">\n\t\t\t\t\t<img loading=\"lazy\" decoding=\"async\" width=\"1280\" height=\"896\" src=\"https:\/\/optikdesign.ca\/wp-content\/uploads\/2025\/12\/image.webp\" class=\"attachment-full size-full wp-post-image\" alt=\"\" srcset=\"https:\/\/optikdesign.ca\/wp-content\/uploads\/2025\/12\/image.webp 1280w, https:\/\/optikdesign.ca\/wp-content\/uploads\/2025\/12\/image-300x210.webp 300w, https:\/\/optikdesign.ca\/wp-content\/uploads\/2025\/12\/image-1024x717.webp 1024w, https:\/\/optikdesign.ca\/wp-content\/uploads\/2025\/12\/image-768x538.webp 768w, https:\/\/optikdesign.ca\/wp-content\/uploads\/2025\/12\/image-600x420.webp 600w\" sizes=\"auto, (max-width: 1280px) 100vw, 1280px\" \/>\t\t\t\t<\/a>\n\t\t\t<\/div>\n\t\t\t\t<div class=\"edgtf-item-text-holder\">\n\t\t\t<div class=\"edgtf-item-info-section\">\n\t\t\t\t<div class=\"edgtf-post-info-category\">\n\t<a href=\"https:\/\/optikdesign.ca\/en\/category\/strategie-et-analyse-en\/\" rel=\"category tag\">Analysis and Strategy<\/a>, <a href=\"https:\/\/optikdesign.ca\/en\/category\/graphic-design\/\" rel=\"category tag\">Graphic Design<\/a>, <a href=\"https:\/\/optikdesign.ca\/en\/category\/print\/\" rel=\"category tag\">Print<\/a><\/div>\t\t\t\t<div class=\"edgtf-post-info-date\">\n\t\t\t10 December 2025\t<\/div>\t\t\t<\/div>\n\t\t\t\t\t\n\t\t\t<h4 class=\"edgtf-item-title \">\n\t\t\t\t<a href=\"https:\/\/optikdesign.ca\/en\/strategie-et-analyse-en\/conte-de-noel\/\" >\n\t\t\t\t\tChristmas Tale\t\t\t\t<\/a>\n\t\t\t<\/h4>\n\n\t\t\t\t\t\t\n\t\t\t<div class=\"edgtf-item-read-more\">\n\t\t\t\t<a href=\"https:\/\/optikdesign.ca\/en\/strategie-et-analyse-en\/conte-de-noel\/\" target=\"_self\"  class=\"edgtf-btn edgtf-btn-large edgtf-btn-transparent edgtf-btn-icon\"  >\t\t\t<span class=\"edgtf-btn-text\">Read More<\/span>\t    \t\t<span class=\"edgtf-btn-icon-holder\" >\t\t\t<span aria-hidden=\"true\" class=\"edgtf-icon-font-elegant arrow_right \" ><\/span>\t\t<\/span>\t<\/a>\t\t\t<\/div>\n\t\t<\/div>\n\t<\/div>\t\n<\/li>\n<li class=\"edgtf-blog-list-item clearfix\">\n\t<div class=\"edgtf-blog-list-item-inner\">\n\t\t\t\t\t<div class=\"edgtf-item-image clearfix\">\n\t\t\t\t<a href=\"https:\/\/optikdesign.ca\/en\/print\/digital-fatigue-potential-clients-prefer-paper\/\">\n\t\t\t\t\t<img loading=\"lazy\" decoding=\"async\" width=\"1280\" height=\"896\" src=\"https:\/\/optikdesign.ca\/wp-content\/uploads\/2025\/08\/image.webp\" class=\"attachment-full size-full wp-post-image\" alt=\"Renard roux tenant des supports papier de qualit\u00e9 (flyers, d\u00e9pliants, banni\u00e8res) contrastant avec des \u00e9crans num\u00e9riques en arri\u00e8re-plan, illustrant la pr\u00e9f\u00e9rence pour les supports print face \u00e0 la fatigue num\u00e9rique\" srcset=\"https:\/\/optikdesign.ca\/wp-content\/uploads\/2025\/08\/image.webp 1280w, https:\/\/optikdesign.ca\/wp-content\/uploads\/2025\/08\/image-300x210.webp 300w, https:\/\/optikdesign.ca\/wp-content\/uploads\/2025\/08\/image-1024x717.webp 1024w, https:\/\/optikdesign.ca\/wp-content\/uploads\/2025\/08\/image-768x538.webp 768w, https:\/\/optikdesign.ca\/wp-content\/uploads\/2025\/08\/image-600x420.webp 600w\" sizes=\"auto, (max-width: 1280px) 100vw, 1280px\" \/>\t\t\t\t<\/a>\n\t\t\t<\/div>\n\t\t\t\t<div class=\"edgtf-item-text-holder\">\n\t\t\t<div class=\"edgtf-item-info-section\">\n\t\t\t\t<div class=\"edgtf-post-info-category\">\n\t<a href=\"https:\/\/optikdesign.ca\/en\/category\/graphic-design\/\" rel=\"category tag\">Graphic Design<\/a>, <a href=\"https:\/\/optikdesign.ca\/en\/category\/print\/\" rel=\"category tag\">Print<\/a><\/div>\t\t\t\t<div class=\"edgtf-post-info-date\">\n\t\t\t2 September 2025\t<\/div>\t\t\t<\/div>\n\t\t\t\t\t\n\t\t\t<h4 class=\"edgtf-item-title \">\n\t\t\t\t<a href=\"https:\/\/optikdesign.ca\/en\/print\/digital-fatigue-potential-clients-prefer-paper\/\" >\n\t\t\t\t\tDigital fatigue: a very real phenomenon\t\t\t\t<\/a>\n\t\t\t<\/h4>\n\n\t\t\t\t\t\t\n\t\t\t<div class=\"edgtf-item-read-more\">\n\t\t\t\t<a href=\"https:\/\/optikdesign.ca\/en\/print\/digital-fatigue-potential-clients-prefer-paper\/\" target=\"_self\"  class=\"edgtf-btn edgtf-btn-large edgtf-btn-transparent edgtf-btn-icon\"  >\t\t\t<span class=\"edgtf-btn-text\">Read More<\/span>\t    \t\t<span class=\"edgtf-btn-icon-holder\" >\t\t\t<span aria-hidden=\"true\" class=\"edgtf-icon-font-elegant arrow_right \" ><\/span>\t\t<\/span>\t<\/a>\t\t\t<\/div>\n\t\t<\/div>\n\t<\/div>\t\n<\/li>\n<li class=\"edgtf-blog-list-item clearfix\">\n\t<div class=\"edgtf-blog-list-item-inner\">\n\t\t\t\t\t<div class=\"edgtf-item-image clearfix\">\n\t\t\t\t<a href=\"https:\/\/optikdesign.ca\/en\/strategie-et-analyse-en\/roi-understanding-and-analyzing-return-on-investment\/\">\n\t\t\t\t\t<img loading=\"lazy\" decoding=\"async\" width=\"2368\" height=\"1792\" src=\"https:\/\/optikdesign.ca\/wp-content\/uploads\/2025\/05\/image-4-1.webp\" class=\"attachment-full size-full wp-post-image\" alt=\"\" srcset=\"https:\/\/optikdesign.ca\/wp-content\/uploads\/2025\/05\/image-4-1.webp 2368w, https:\/\/optikdesign.ca\/wp-content\/uploads\/2025\/05\/image-4-1-600x454.webp 600w, https:\/\/optikdesign.ca\/wp-content\/uploads\/2025\/05\/image-4-1-300x227.webp 300w, https:\/\/optikdesign.ca\/wp-content\/uploads\/2025\/05\/image-4-1-1024x775.webp 1024w, https:\/\/optikdesign.ca\/wp-content\/uploads\/2025\/05\/image-4-1-768x581.webp 768w, https:\/\/optikdesign.ca\/wp-content\/uploads\/2025\/05\/image-4-1-1536x1162.webp 1536w\" sizes=\"auto, (max-width: 2368px) 100vw, 2368px\" \/>\t\t\t\t<\/a>\n\t\t\t<\/div>\n\t\t\t\t<div class=\"edgtf-item-text-holder\">\n\t\t\t<div class=\"edgtf-item-info-section\">\n\t\t\t\t<div class=\"edgtf-post-info-category\">\n\t<a href=\"https:\/\/optikdesign.ca\/en\/category\/strategie-et-analyse-en\/\" rel=\"category tag\">Analysis and Strategy<\/a>, <a href=\"https:\/\/optikdesign.ca\/en\/category\/strategy-and-analysis\/\" rel=\"category tag\">Strategy and Analysis<\/a><\/div>\t\t\t\t<div class=\"edgtf-post-info-date\">\n\t\t\t23 May 2025\t<\/div>\t\t\t<\/div>\n\t\t\t\t\t\n\t\t\t<h4 class=\"edgtf-item-title \">\n\t\t\t\t<a href=\"https:\/\/optikdesign.ca\/en\/strategie-et-analyse-en\/roi-understanding-and-analyzing-return-on-investment\/\" >\n\t\t\t\t\tROI: Understanding and Analyzing Return on Investment\t\t\t\t<\/a>\n\t\t\t<\/h4>\n\n\t\t\t\t\t\t\n\t\t\t<div class=\"edgtf-item-read-more\">\n\t\t\t\t<a href=\"https:\/\/optikdesign.ca\/en\/strategie-et-analyse-en\/roi-understanding-and-analyzing-return-on-investment\/\" target=\"_self\"  class=\"edgtf-btn edgtf-btn-large edgtf-btn-transparent edgtf-btn-icon\"  >\t\t\t<span class=\"edgtf-btn-text\">Read More<\/span>\t    \t\t<span class=\"edgtf-btn-icon-holder\" >\t\t\t<span aria-hidden=\"true\" class=\"edgtf-icon-font-elegant arrow_right \" ><\/span>\t\t<\/span>\t<\/a>\t\t\t<\/div>\n\t\t<\/div>\n\t<\/div>\t\n<\/li>\n<li class=\"edgtf-blog-list-item clearfix\">\n\t<div class=\"edgtf-blog-list-item-inner\">\n\t\t\t\t\t<div class=\"edgtf-item-image clearfix\">\n\t\t\t\t<a href=\"https:\/\/optikdesign.ca\/en\/print\/the-complete-vinyl-guide-professional-expertise-and-advice\/\">\n\t\t\t\t\t<img loading=\"lazy\" decoding=\"async\" width=\"2368\" height=\"1792\" src=\"https:\/\/optikdesign.ca\/wp-content\/uploads\/2025\/05\/image-2-1.webp\" class=\"attachment-full size-full wp-post-image\" alt=\"\" srcset=\"https:\/\/optikdesign.ca\/wp-content\/uploads\/2025\/05\/image-2-1.webp 2368w, https:\/\/optikdesign.ca\/wp-content\/uploads\/2025\/05\/image-2-1-600x454.webp 600w, https:\/\/optikdesign.ca\/wp-content\/uploads\/2025\/05\/image-2-1-300x227.webp 300w, https:\/\/optikdesign.ca\/wp-content\/uploads\/2025\/05\/image-2-1-1024x775.webp 1024w, https:\/\/optikdesign.ca\/wp-content\/uploads\/2025\/05\/image-2-1-768x581.webp 768w, https:\/\/optikdesign.ca\/wp-content\/uploads\/2025\/05\/image-2-1-1536x1162.webp 1536w\" sizes=\"auto, (max-width: 2368px) 100vw, 2368px\" \/>\t\t\t\t<\/a>\n\t\t\t<\/div>\n\t\t\t\t<div class=\"edgtf-item-text-holder\">\n\t\t\t<div class=\"edgtf-item-info-section\">\n\t\t\t\t<div class=\"edgtf-post-info-category\">\n\t<a href=\"https:\/\/optikdesign.ca\/en\/category\/print\/\" rel=\"category tag\">Print<\/a><\/div>\t\t\t\t<div class=\"edgtf-post-info-date\">\n\t\t\t22 May 2025\t<\/div>\t\t\t<\/div>\n\t\t\t\t\t\n\t\t\t<h4 class=\"edgtf-item-title \">\n\t\t\t\t<a href=\"https:\/\/optikdesign.ca\/en\/print\/the-complete-vinyl-guide-professional-expertise-and-advice\/\" >\n\t\t\t\t\tThe Complete Vinyl Guide: Professional Expertise and Advice\t\t\t\t<\/a>\n\t\t\t<\/h4>\n\n\t\t\t\t\t\t\n\t\t\t<div class=\"edgtf-item-read-more\">\n\t\t\t\t<a href=\"https:\/\/optikdesign.ca\/en\/print\/the-complete-vinyl-guide-professional-expertise-and-advice\/\" target=\"_self\"  class=\"edgtf-btn edgtf-btn-large edgtf-btn-transparent edgtf-btn-icon\"  >\t\t\t<span class=\"edgtf-btn-text\">Read More<\/span>\t    \t\t<span class=\"edgtf-btn-icon-holder\" >\t\t\t<span aria-hidden=\"true\" class=\"edgtf-icon-font-elegant arrow_right \" ><\/span>\t\t<\/span>\t<\/a>\t\t\t<\/div>\n\t\t<\/div>\n\t<\/div>\t\n<\/li>\n<li class=\"edgtf-blog-list-item clearfix\">\n\t<div class=\"edgtf-blog-list-item-inner\">\n\t\t\t\t\t<div class=\"edgtf-item-image clearfix\">\n\t\t\t\t<a href=\"https:\/\/optikdesign.ca\/en\/strategie-et-analyse-en\/limportance-cruciale-dun-guide-de-normes-graphiques-a-jour-pour-votre-entreprise\/\">\n\t\t\t\t\t<img loading=\"lazy\" decoding=\"async\" width=\"2368\" height=\"1792\" src=\"https:\/\/optikdesign.ca\/wp-content\/uploads\/2025\/05\/image-5.webp\" class=\"attachment-full size-full wp-post-image\" alt=\"\" srcset=\"https:\/\/optikdesign.ca\/wp-content\/uploads\/2025\/05\/image-5.webp 2368w, https:\/\/optikdesign.ca\/wp-content\/uploads\/2025\/05\/image-5-600x454.webp 600w, https:\/\/optikdesign.ca\/wp-content\/uploads\/2025\/05\/image-5-300x227.jpeg 300w, https:\/\/optikdesign.ca\/wp-content\/uploads\/2025\/05\/image-5-1024x775.jpeg 1024w, https:\/\/optikdesign.ca\/wp-content\/uploads\/2025\/05\/image-5-768x581.jpeg 768w, https:\/\/optikdesign.ca\/wp-content\/uploads\/2025\/05\/image-5-1536x1162.jpeg 1536w\" sizes=\"auto, (max-width: 2368px) 100vw, 2368px\" \/>\t\t\t\t<\/a>\n\t\t\t<\/div>\n\t\t\t\t<div class=\"edgtf-item-text-holder\">\n\t\t\t<div class=\"edgtf-item-info-section\">\n\t\t\t\t<div class=\"edgtf-post-info-category\">\n\t<a href=\"https:\/\/optikdesign.ca\/en\/category\/strategie-et-analyse-en\/\" rel=\"category tag\">Analysis and Strategy<\/a>, <a href=\"https:\/\/optikdesign.ca\/en\/category\/graphic-design\/\" rel=\"category tag\">Graphic Design<\/a><\/div>\t\t\t\t<div class=\"edgtf-post-info-date\">\n\t\t\t26 May 2025\t<\/div>\t\t\t<\/div>\n\t\t\t\t\t\n\t\t\t<h4 class=\"edgtf-item-title \">\n\t\t\t\t<a href=\"https:\/\/optikdesign.ca\/en\/strategie-et-analyse-en\/limportance-cruciale-dun-guide-de-normes-graphiques-a-jour-pour-votre-entreprise\/\" >\n\t\t\t\t\tThe Crucial Importance of an Up-to-Date Graphic Standards Guide for Your Business\t\t\t\t<\/a>\n\t\t\t<\/h4>\n\n\t\t\t\t\t\t\n\t\t\t<div class=\"edgtf-item-read-more\">\n\t\t\t\t<a href=\"https:\/\/optikdesign.ca\/en\/strategie-et-analyse-en\/limportance-cruciale-dun-guide-de-normes-graphiques-a-jour-pour-votre-entreprise\/\" target=\"_self\"  class=\"edgtf-btn edgtf-btn-large edgtf-btn-transparent edgtf-btn-icon\"  >\t\t\t<span class=\"edgtf-btn-text\">Read More<\/span>\t    \t\t<span class=\"edgtf-btn-icon-holder\" >\t\t\t<span aria-hidden=\"true\" class=\"edgtf-icon-font-elegant arrow_right \" ><\/span>\t\t<\/span>\t<\/a>\t\t\t<\/div>\n\t\t<\/div>\n\t<\/div>\t\n<\/li>\n<li class=\"edgtf-blog-list-item clearfix\">\n\t<div class=\"edgtf-blog-list-item-inner\">\n\t\t\t\t\t<div class=\"edgtf-item-image clearfix\">\n\t\t\t\t<a href=\"https:\/\/optikdesign.ca\/en\/branding-en\/limportance-du-branding-bien-plus-quun-logo\/\">\n\t\t\t\t\t<img loading=\"lazy\" decoding=\"async\" width=\"2368\" height=\"1792\" src=\"https:\/\/optikdesign.ca\/wp-content\/uploads\/2025\/05\/image-1-1.webp\" class=\"attachment-full size-full wp-post-image\" alt=\"\" srcset=\"https:\/\/optikdesign.ca\/wp-content\/uploads\/2025\/05\/image-1-1.webp 2368w, https:\/\/optikdesign.ca\/wp-content\/uploads\/2025\/05\/image-1-1-600x454.webp 600w, https:\/\/optikdesign.ca\/wp-content\/uploads\/2025\/05\/image-1-1-300x227.webp 300w, https:\/\/optikdesign.ca\/wp-content\/uploads\/2025\/05\/image-1-1-1024x775.webp 1024w, https:\/\/optikdesign.ca\/wp-content\/uploads\/2025\/05\/image-1-1-768x581.webp 768w, https:\/\/optikdesign.ca\/wp-content\/uploads\/2025\/05\/image-1-1-1536x1162.webp 1536w\" sizes=\"auto, (max-width: 2368px) 100vw, 2368px\" \/>\t\t\t\t<\/a>\n\t\t\t<\/div>\n\t\t\t\t<div class=\"edgtf-item-text-holder\">\n\t\t\t<div class=\"edgtf-item-info-section\">\n\t\t\t\t<div class=\"edgtf-post-info-category\">\n\t<a href=\"https:\/\/optikdesign.ca\/en\/category\/branding-en\/\" rel=\"category tag\">Branding<\/a><\/div>\t\t\t\t<div class=\"edgtf-post-info-date\">\n\t\t\t22 May 2025\t<\/div>\t\t\t<\/div>\n\t\t\t\t\t\n\t\t\t<h4 class=\"edgtf-item-title \">\n\t\t\t\t<a href=\"https:\/\/optikdesign.ca\/en\/branding-en\/limportance-du-branding-bien-plus-quun-logo\/\" >\n\t\t\t\t\tThe importance of branding: much more than a logo\t\t\t\t<\/a>\n\t\t\t<\/h4>\n\n\t\t\t\t\t\t\n\t\t\t<div class=\"edgtf-item-read-more\">\n\t\t\t\t<a href=\"https:\/\/optikdesign.ca\/en\/branding-en\/limportance-du-branding-bien-plus-quun-logo\/\" target=\"_self\"  class=\"edgtf-btn edgtf-btn-large edgtf-btn-transparent edgtf-btn-icon\"  >\t\t\t<span class=\"edgtf-btn-text\">Read More<\/span>\t    \t\t<span class=\"edgtf-btn-icon-holder\" >\t\t\t<span aria-hidden=\"true\" class=\"edgtf-icon-font-elegant arrow_right \" ><\/span>\t\t<\/span>\t<\/a>\t\t\t<\/div>\n\t\t<\/div>\n\t<\/div>\t\n<\/li>\n<li class=\"edgtf-blog-list-item clearfix\">\n\t<div class=\"edgtf-blog-list-item-inner\">\n\t\t\t\t\t<div class=\"edgtf-item-image clearfix\">\n\t\t\t\t<a href=\"https:\/\/optikdesign.ca\/en\/strategie-et-analyse-en\/successful-trade-show\/\">\n\t\t\t\t\t<img loading=\"lazy\" decoding=\"async\" width=\"1280\" height=\"896\" src=\"https:\/\/optikdesign.ca\/wp-content\/uploads\/2025\/07\/image-1.webp\" class=\"attachment-full size-full wp-post-image\" alt=\"\" srcset=\"https:\/\/optikdesign.ca\/wp-content\/uploads\/2025\/07\/image-1.webp 1280w, https:\/\/optikdesign.ca\/wp-content\/uploads\/2025\/07\/image-1-300x210.webp 300w, https:\/\/optikdesign.ca\/wp-content\/uploads\/2025\/07\/image-1-1024x717.webp 1024w, https:\/\/optikdesign.ca\/wp-content\/uploads\/2025\/07\/image-1-768x538.webp 768w, https:\/\/optikdesign.ca\/wp-content\/uploads\/2025\/07\/image-1-600x420.webp 600w\" sizes=\"auto, (max-width: 1280px) 100vw, 1280px\" \/>\t\t\t\t<\/a>\n\t\t\t<\/div>\n\t\t\t\t<div class=\"edgtf-item-text-holder\">\n\t\t\t<div class=\"edgtf-item-info-section\">\n\t\t\t\t<div class=\"edgtf-post-info-category\">\n\t<a href=\"https:\/\/optikdesign.ca\/en\/category\/strategie-et-analyse-en\/\" rel=\"category tag\">Analysis and Strategy<\/a>, <a href=\"https:\/\/optikdesign.ca\/en\/category\/branding-en\/\" rel=\"category tag\">Branding<\/a>, <a href=\"https:\/\/optikdesign.ca\/en\/category\/graphic-design\/\" rel=\"category tag\">Graphic Design<\/a>, <a href=\"https:\/\/optikdesign.ca\/en\/category\/print\/\" rel=\"category tag\">Print<\/a>, <a href=\"https:\/\/optikdesign.ca\/en\/category\/strategy-and-analysis\/\" rel=\"category tag\">Strategy and Analysis<\/a><\/div>\t\t\t\t<div class=\"edgtf-post-info-date\">\n\t\t\t11 July 2025\t<\/div>\t\t\t<\/div>\n\t\t\t\t\t\n\t\t\t<h4 class=\"edgtf-item-title \">\n\t\t\t\t<a href=\"https:\/\/optikdesign.ca\/en\/strategie-et-analyse-en\/successful-trade-show\/\" >\n\t\t\t\t\tTop 5 Essentials for a Successful Trade Show: Complete Booth Guide\t\t\t\t<\/a>\n\t\t\t<\/h4>\n\n\t\t\t\t\t\t\n\t\t\t<div class=\"edgtf-item-read-more\">\n\t\t\t\t<a href=\"https:\/\/optikdesign.ca\/en\/strategie-et-analyse-en\/successful-trade-show\/\" target=\"_self\"  class=\"edgtf-btn edgtf-btn-large edgtf-btn-transparent edgtf-btn-icon\"  >\t\t\t<span class=\"edgtf-btn-text\">Read More<\/span>\t    \t\t<span class=\"edgtf-btn-icon-holder\" >\t\t\t<span aria-hidden=\"true\" class=\"edgtf-icon-font-elegant arrow_right \" ><\/span>\t\t<\/span>\t<\/a>\t\t\t<\/div>\n\t\t<\/div>\n\t<\/div>\t\n<\/li>\n\t<\/ul>\t\n<\/div>\n[vc_empty_space height=&#8221;75px&#8221;][\/vc_column][\/vc_row]<\/p>\n<\/div>","protected":false},"excerpt":{"rendered":"<p>[vc_row][vc_column][vc_empty_space height=&#8221;75px&#8221;][vc_empty_space height=&#8221;75px&#8221;][\/vc_column][\/vc_row]<\/p>\n","protected":false},"author":1,"featured_media":0,"parent":0,"menu_order":0,"comment_status":"closed","ping_status":"closed","template":"","meta":{"footnotes":""},"class_list":["post-6166","page","type-page","status-publish","hentry"],"jetpack_sharing_enabled":true,"amp_enabled":true,"_links":{"self":[{"href":"https:\/\/optikdesign.ca\/en\/wp-json\/wp\/v2\/pages\/6166","targetHints":{"allow":["GET"]}}],"collection":[{"href":"https:\/\/optikdesign.ca\/en\/wp-json\/wp\/v2\/pages"}],"about":[{"href":"https:\/\/optikdesign.ca\/en\/wp-json\/wp\/v2\/types\/page"}],"author":[{"embeddable":true,"href":"https:\/\/optikdesign.ca\/en\/wp-json\/wp\/v2\/users\/1"}],"replies":[{"embeddable":true,"href":"https:\/\/optikdesign.ca\/en\/wp-json\/wp\/v2\/comments?post=6166"}],"version-history":[{"count":3,"href":"https:\/\/optikdesign.ca\/en\/wp-json\/wp\/v2\/pages\/6166\/revisions"}],"predecessor-version":[{"id":6290,"href":"https:\/\/optikdesign.ca\/en\/wp-json\/wp\/v2\/pages\/6166\/revisions\/6290"}],"wp:attachment":[{"href":"https:\/\/optikdesign.ca\/en\/wp-json\/wp\/v2\/media?parent=6166"}],"curies":[{"name":"wp","href":"https:\/\/api.w.org\/{rel}","templated":true}]}}